{"id":22,"date":"2025-12-30T19:28:21","date_gmt":"2025-12-30T18:28:21","guid":{"rendered":"https:\/\/wiener-manufaktur-iser.at\/start\/"},"modified":"2026-01-27T07:35:26","modified_gmt":"2026-01-27T06:35:26","slug":"start","status":"publish","type":"page","link":"https:\/\/wiener-manufaktur-iser.at\/en\/","title":{"rendered":"Start"},"content":{"rendered":"<div class=\"wp-block-group alignfull is-style-ext-preset--group--natural-1--section has-background-background-color has-background has-global-padding is-layout-constrained wp-block-group-is-layout-constrained is-style-ext-preset--group--natural-1--section--1\" style=\"margin-top:0;margin-bottom:0;padding-top:var(--wp--preset--spacing--50);padding-bottom:var(--wp--preset--spacing--70)\">\n<div class=\"wp-block-columns alignwide is-layout-flex wp-container-core-columns-is-layout-08c01c1c wp-block-columns-is-layout-flex\">\n<div class=\"wp-block-column is-vertically-aligned-stretch is-layout-flow wp-block-column-is-layout-flow\">\n<div class=\"wp-block-cover is-light has-custom-content-position is-position-top-center is-style-ext-preset--image--natural-1--image-1--content-left is-style-ext-preset--image--natural-1--image-1--content-left--2\" style=\"min-height:100%;aspect-ratio:unset;\"><img loading=\"lazy\" decoding=\"async\" width=\"1024\" height=\"1024\" class=\"wp-block-cover__image-background wp-image-172 size-full\" alt=\"\" src=\"https:\/\/wiener-manufaktur-iser.at\/wp-content\/uploads\/2026\/01\/ChatGPT-Image-25.-Jan.-2026-14_45_25_v2.png\" data-object-fit=\"cover\" srcset=\"https:\/\/wiener-manufaktur-iser.at\/wp-content\/uploads\/2026\/01\/ChatGPT-Image-25.-Jan.-2026-14_45_25_v2.png 1024w, https:\/\/wiener-manufaktur-iser.at\/wp-content\/uploads\/2026\/01\/ChatGPT-Image-25.-Jan.-2026-14_45_25_v2-300x300.png 300w, https:\/\/wiener-manufaktur-iser.at\/wp-content\/uploads\/2026\/01\/ChatGPT-Image-25.-Jan.-2026-14_45_25_v2-150x150.png 150w, https:\/\/wiener-manufaktur-iser.at\/wp-content\/uploads\/2026\/01\/ChatGPT-Image-25.-Jan.-2026-14_45_25_v2-768x768.png 768w, https:\/\/wiener-manufaktur-iser.at\/wp-content\/uploads\/2026\/01\/ChatGPT-Image-25.-Jan.-2026-14_45_25_v2-12x12.png 12w\" sizes=\"auto, (max-width: 1024px) 100vw, 1024px\" \/><span aria-hidden=\"true\" class=\"wp-block-cover__background has-background-dim-0 has-background-dim\" style=\"background-color:#a5794b\"><\/span><div class=\"wp-block-cover__inner-container is-layout-flow wp-block-cover-is-layout-flow\">\n<div style=\"height:320px\" aria-hidden=\"true\" class=\"wp-block-spacer\"><\/div>\n<\/div><\/div>\n<\/div>\n\n\n\n<div class=\"wp-block-column is-vertically-aligned-stretch is-layout-flow wp-block-column-is-layout-flow\">\n<div class=\"wp-block-group alignwide is-style-ext-preset--group--natural-1--item-card-1--align-start has-tertiary-background-color has-background is-nowrap is-layout-flex wp-container-core-group-is-layout-bcde1d39 wp-block-group-is-layout-flex is-style-ext-preset--group--natural-1--item-card-1--align-start--3\" style=\"min-height:100%;padding-top:0;padding-right:0;padding-bottom:0;padding-left:0\">\n<div class=\"wp-block-group alignwide is-vertical is-layout-flex wp-container-core-group-is-layout-fa0d61a1 wp-block-group-is-layout-flex\" style=\"padding-top:var(--wp--preset--spacing--50);padding-right:var(--wp--preset--spacing--50);padding-bottom:var(--wp--preset--spacing--50);padding-left:var(--wp--preset--spacing--50)\">\n<div class=\"wp-block-group has-global-padding is-layout-constrained wp-container-core-group-is-layout-812d5580 wp-block-group-is-layout-constrained\" style=\"padding-top:0;padding-right:0;padding-bottom:0;padding-left:0\">\n<h1 class=\"wp-block-heading has-xx-large-font-size\">Pr\u00e4zise Manufakturkunst erleben<\/h1>\n\n\n\n<p style=\"font-size:clamp(14px, 0.875rem + ((1vw - 3.2px) * 0.417), 18px);\">Die <strong><em>Wiener Manufaktur Iser<\/em><\/strong> verbindet edle Materialien mit durchdachtem Design und schafft au\u00dfergew\u00f6hnliche Einzelst\u00fccke aus Massivholz und Metall, die mit ihrer Materialehrlichkeit und Oberfl\u00e4chenqualit\u00e4t \u00fcberzeugen.<\/p>\n<\/div>\n\n\n\n<div class=\"wp-block-buttons is-layout-flex wp-block-buttons-is-layout-flex\">\n<div class=\"wp-block-button is-style-ext-preset--button--natural-1--button-1 is-style-ext-preset--button--natural-1--button-1--4\"><a class=\"wp-block-button__link wp-element-button\" href=\"https:\/\/wiener-manufaktur-iser.at\/en\/ueber\/\">Mehr erfahren<\/a><\/div>\n<\/div>\n<\/div>\n<\/div>\n<\/div>\n<\/div>\n<\/div>\n\n\n\n<div class=\"wp-block-group alignfull is-style-ext-preset--group--natural-1--section has-tertiary-background-color has-background has-global-padding is-layout-constrained wp-block-group-is-layout-constrained is-style-ext-preset--group--natural-1--section--5\" id=\"ueber-uns\" style=\"margin-top:0;margin-bottom:0;padding-top:var(--wp--preset--spacing--70);padding-bottom:var(--wp--preset--spacing--70)\">\n<div class=\"wp-block-group alignwide is-vertical is-content-justification-center is-layout-flex wp-container-core-group-is-layout-c9ee0c5a wp-block-group-is-layout-flex\">\n<div class=\"wp-block-group has-global-padding is-layout-constrained wp-container-core-group-is-layout-2287c683 wp-block-group-is-layout-constrained\">\n<h2 class=\"wp-block-heading has-text-align-center\">Edle Massivholz- und Metallunikate<\/h2>\n\n\n\n<p class=\"has-text-align-center\">This section provides a detailed and comprehensive overview of your company\u2019s mission, values, and history. It highlights the key principles and values that drive the purpose, goals, and long-term success of your brand and business operations.<\/p>\n<\/div>\n<\/div>\n<\/div>\n\n\n\n<div class=\"wp-block-group alignfull is-style-ext-preset--group--natural-1--section has-background-background-color has-background has-global-padding is-layout-constrained wp-container-core-group-is-layout-e955bbaf wp-block-group-is-layout-constrained is-style-ext-preset--group--natural-1--section--6\" style=\"margin-top:0;margin-bottom:0;padding-top:var(--wp--preset--spacing--70);padding-bottom:var(--wp--preset--spacing--70)\">\n<div class=\"wp-block-columns alignwide is-layout-flex wp-container-core-columns-is-layout-28f84493 wp-block-columns-is-layout-flex\">\n<div class=\"wp-block-column is-layout-flow wp-block-column-is-layout-flow\">\n<div class=\"wp-block-group alignwide is-vertical is-content-justification-left is-layout-flex wp-container-core-group-is-layout-214d3d4d wp-block-group-is-layout-flex\">\n<div class=\"wp-block-group has-global-padding is-layout-constrained wp-container-core-group-is-layout-2287c683 wp-block-group-is-layout-constrained\">\n<h2 class=\"wp-block-heading has-text-align-left\">Ingenieurskunst trifft Handwerkskunst<\/h2>\n\n\n\n<p class=\"has-text-align-left\">Entdecken Sie einzigartige Einzelst\u00fccke und ma\u00dfgeschneiderte Kleinserien aus Massivholz und Metall, die \u00c4sthetik und Funktionalit\u00e4t vereinen.<\/p>\n<\/div>\n<\/div>\n<\/div>\n\n\n\n<div class=\"wp-block-column is-layout-flow wp-block-column-is-layout-flow\" style=\"flex-basis:210px\"><\/div>\n<\/div>\n\n\n\n<div class=\"wp-block-columns alignwide is-layout-flex wp-container-core-columns-is-layout-28f84493 wp-block-columns-is-layout-flex\">\n<div class=\"wp-block-column is-vertically-aligned-stretch is-layout-flow wp-block-column-is-layout-flow\">\n<div class=\"wp-block-group is-style-ext-preset--group--natural-1--item-card-1--align-start has-tertiary-background-color has-background is-vertical is-content-justification-stretch is-layout-flex wp-container-core-group-is-layout-4cb539e6 wp-block-group-is-layout-flex is-style-ext-preset--group--natural-1--item-card-1--align-start--7\" style=\"min-height:100%;padding-top:0;padding-right:0;padding-bottom:0;padding-left:0\">\n<figure class=\"wp-block-image size-large\"><img loading=\"lazy\" decoding=\"async\" width=\"1024\" height=\"683\" src=\"https:\/\/wiener-manufaktur-iser.at\/wp-content\/uploads\/2026\/01\/ChatGPT-Image-27.-Jan.-2026-06_32_12-1024x683.png\" alt=\"\" class=\"wp-image-193\" style=\"aspect-ratio:1;object-fit:cover\" srcset=\"https:\/\/wiener-manufaktur-iser.at\/wp-content\/uploads\/2026\/01\/ChatGPT-Image-27.-Jan.-2026-06_32_12-1024x683.png 1024w, https:\/\/wiener-manufaktur-iser.at\/wp-content\/uploads\/2026\/01\/ChatGPT-Image-27.-Jan.-2026-06_32_12-300x200.png 300w, https:\/\/wiener-manufaktur-iser.at\/wp-content\/uploads\/2026\/01\/ChatGPT-Image-27.-Jan.-2026-06_32_12-768x512.png 768w, https:\/\/wiener-manufaktur-iser.at\/wp-content\/uploads\/2026\/01\/ChatGPT-Image-27.-Jan.-2026-06_32_12-18x12.png 18w, https:\/\/wiener-manufaktur-iser.at\/wp-content\/uploads\/2026\/01\/ChatGPT-Image-27.-Jan.-2026-06_32_12.png 1536w\" sizes=\"auto, (max-width: 1024px) 100vw, 1024px\" \/><\/figure>\n\n\n\n<div class=\"wp-block-group is-style-default wp-container-content-9cfa9a5a is-vertical is-content-justification-stretch is-layout-flex wp-container-core-group-is-layout-d1099038 wp-block-group-is-layout-flex\" style=\"margin-top:0;padding-top:1.5rem;padding-right:1.5rem;padding-bottom:1.5rem;padding-left:1.5rem\">\n<div class=\"wp-block-columns is-not-stacked-on-mobile is-layout-flex wp-container-core-columns-is-layout-ea69a204 wp-block-columns-is-layout-flex\">\n<div class=\"wp-block-column is-layout-flow wp-block-column-is-layout-flow\" style=\"flex-basis:66.66%\">\n<h3 class=\"wp-block-heading has-medium-font-size\">Massivholz-Modelle<\/h3>\n\n\n\n<p style=\"margin-top:4px;margin-bottom:0;font-size:14px\">Einzelst\u00fccke<\/p>\n<\/div>\n<\/div>\n<\/div>\n<\/div>\n<\/div>\n\n\n\n<div class=\"wp-block-column is-vertically-aligned-stretch is-layout-flow wp-block-column-is-layout-flow\">\n<div class=\"wp-block-group is-style-ext-preset--group--natural-1--item-card-1--align-start has-tertiary-background-color has-background is-vertical is-content-justification-stretch is-layout-flex wp-container-core-group-is-layout-4cb539e6 wp-block-group-is-layout-flex is-style-ext-preset--group--natural-1--item-card-1--align-start--8\" style=\"min-height:100%;padding-top:0;padding-right:0;padding-bottom:0;padding-left:0\">\n<figure class=\"wp-block-image size-large\"><img loading=\"lazy\" decoding=\"async\" width=\"1024\" height=\"683\" src=\"https:\/\/wiener-manufaktur-iser.at\/wp-content\/uploads\/2026\/01\/ChatGPT-Image-27.-Jan.-2026-07_07_19-1024x683.png\" alt=\"\" class=\"wp-image-194\" style=\"aspect-ratio:1;object-fit:cover\" srcset=\"https:\/\/wiener-manufaktur-iser.at\/wp-content\/uploads\/2026\/01\/ChatGPT-Image-27.-Jan.-2026-07_07_19-1024x683.png 1024w, https:\/\/wiener-manufaktur-iser.at\/wp-content\/uploads\/2026\/01\/ChatGPT-Image-27.-Jan.-2026-07_07_19-300x200.png 300w, https:\/\/wiener-manufaktur-iser.at\/wp-content\/uploads\/2026\/01\/ChatGPT-Image-27.-Jan.-2026-07_07_19-768x512.png 768w, https:\/\/wiener-manufaktur-iser.at\/wp-content\/uploads\/2026\/01\/ChatGPT-Image-27.-Jan.-2026-07_07_19-18x12.png 18w, https:\/\/wiener-manufaktur-iser.at\/wp-content\/uploads\/2026\/01\/ChatGPT-Image-27.-Jan.-2026-07_07_19.png 1536w\" sizes=\"auto, (max-width: 1024px) 100vw, 1024px\" \/><\/figure>\n\n\n\n<div class=\"wp-block-group is-style-default wp-container-content-9cfa9a5a is-vertical is-content-justification-stretch is-layout-flex wp-container-core-group-is-layout-d1099038 wp-block-group-is-layout-flex\" style=\"margin-top:0;padding-top:1.5rem;padding-right:1.5rem;padding-bottom:1.5rem;padding-left:1.5rem\">\n<div class=\"wp-block-columns is-not-stacked-on-mobile is-layout-flex wp-container-core-columns-is-layout-ea69a204 wp-block-columns-is-layout-flex\">\n<div class=\"wp-block-column is-layout-flow wp-block-column-is-layout-flow\" style=\"flex-basis:66.66%\">\n<h3 class=\"wp-block-heading has-medium-font-size\">Metall-Modelle veredelten Oberfl\u00e4che<\/h3>\n\n\n\n<p style=\"margin-top:4px;margin-bottom:0;font-size:14px\">Kleinserien<\/p>\n<\/div>\n<\/div>\n<\/div>\n<\/div>\n<\/div>\n\n\n\n<div class=\"wp-block-column is-vertically-aligned-stretch is-layout-flow wp-block-column-is-layout-flow\">\n<div class=\"wp-block-group is-style-ext-preset--group--natural-1--item-card-1--align-start has-tertiary-background-color has-background is-vertical is-content-justification-stretch is-layout-flex wp-container-core-group-is-layout-4cb539e6 wp-block-group-is-layout-flex is-style-ext-preset--group--natural-1--item-card-1--align-start--9\" style=\"min-height:100%;padding-top:0;padding-right:0;padding-bottom:0;padding-left:0\">\n<figure class=\"wp-block-image size-large\"><img loading=\"lazy\" decoding=\"async\" width=\"1024\" height=\"683\" src=\"https:\/\/wiener-manufaktur-iser.at\/wp-content\/uploads\/2026\/01\/ChatGPT-Image-27.-Jan.-2026-07_20_50-1024x683.png\" alt=\"\" class=\"wp-image-195\" style=\"aspect-ratio:1;object-fit:cover\" srcset=\"https:\/\/wiener-manufaktur-iser.at\/wp-content\/uploads\/2026\/01\/ChatGPT-Image-27.-Jan.-2026-07_20_50-1024x683.png 1024w, https:\/\/wiener-manufaktur-iser.at\/wp-content\/uploads\/2026\/01\/ChatGPT-Image-27.-Jan.-2026-07_20_50-300x200.png 300w, https:\/\/wiener-manufaktur-iser.at\/wp-content\/uploads\/2026\/01\/ChatGPT-Image-27.-Jan.-2026-07_20_50-768x512.png 768w, https:\/\/wiener-manufaktur-iser.at\/wp-content\/uploads\/2026\/01\/ChatGPT-Image-27.-Jan.-2026-07_20_50-18x12.png 18w, https:\/\/wiener-manufaktur-iser.at\/wp-content\/uploads\/2026\/01\/ChatGPT-Image-27.-Jan.-2026-07_20_50.png 1536w\" sizes=\"auto, (max-width: 1024px) 100vw, 1024px\" \/><\/figure>\n\n\n\n<div class=\"wp-block-group is-style-default wp-container-content-9cfa9a5a is-vertical is-content-justification-stretch is-layout-flex wp-container-core-group-is-layout-2f2da33a wp-block-group-is-layout-flex\" style=\"margin-top:0;padding-top:1.5rem;padding-right:1.5rem;padding-bottom:1.5rem;padding-left:1.5rem\">\n<div class=\"wp-block-columns is-not-stacked-on-mobile is-layout-flex wp-container-core-columns-is-layout-ea69a204 wp-block-columns-is-layout-flex\">\n<div class=\"wp-block-column is-layout-flow wp-block-column-is-layout-flow\" style=\"flex-basis:66.66%\">\n<h3 class=\"wp-block-heading has-medium-font-size\">Handgefertigte Werkst\u00fccke<\/h3>\n\n\n\n<p style=\"margin-top:4px;margin-bottom:0;font-size:14px\">Accessoires<\/p>\n<\/div>\n<\/div>\n<\/div>\n<\/div>\n<\/div>\n<\/div>\n<\/div>\n\n\n\n\n\n<div class=\"wp-block-group alignfull is-style-ext-preset--group--natural-1--section has-background-background-color has-background has-global-padding is-layout-constrained wp-container-core-group-is-layout-ffba7dca wp-block-group-is-layout-constrained is-style-ext-preset--group--natural-1--section--15\" id=\"referenzen\" style=\"margin-top:0;margin-bottom:0;padding-top:var(--wp--preset--spacing--60);padding-bottom:var(--wp--preset--spacing--60)\">\n<div class=\"wp-block-group alignwide is-style-ext-preset--group--natural-1--item-card-1--align-start has-global-padding is-layout-constrained wp-block-group-is-layout-constrained is-style-ext-preset--group--natural-1--item-card-1--align-start--16\"><\/div>\n<\/div>","protected":false},"excerpt":{"rendered":"<p>Pr\u00e4zise Manufakturkunst erleben Die Wiener Manufaktur Iser verbindet edle Materialien mit durchdachtem Design und schafft au\u00dfergew\u00f6hnliche Einzelst\u00fccke aus Massivholz und Metall, die mit ihrer Materialehrlichkeit und Oberfl\u00e4chenqualit\u00e4t \u00fcberzeugen. Edle Massivholz- und Metallunikate This section provides a detailed and comprehensive overview of your company\u2019s mission, values, and history. It highlights the key principles and values that [&hellip;]<\/p>\n","protected":false},"author":1,"featured_media":0,"parent":0,"menu_order":0,"comment_status":"closed","ping_status":"closed","template":"no-title","meta":{"footnotes":""},"class_list":["post-22","page","type-page","status-publish","hentry"],"_links":{"self":[{"href":"https:\/\/wiener-manufaktur-iser.at\/en\/wp-json\/wp\/v2\/pages\/22","targetHints":{"allow":["GET"]}}],"collection":[{"href":"https:\/\/wiener-manufaktur-iser.at\/en\/wp-json\/wp\/v2\/pages"}],"about":[{"href":"https:\/\/wiener-manufaktur-iser.at\/en\/wp-json\/wp\/v2\/types\/page"}],"author":[{"embeddable":true,"href":"https:\/\/wiener-manufaktur-iser.at\/en\/wp-json\/wp\/v2\/users\/1"}],"replies":[{"embeddable":true,"href":"https:\/\/wiener-manufaktur-iser.at\/en\/wp-json\/wp\/v2\/comments?post=22"}],"version-history":[{"count":26,"href":"https:\/\/wiener-manufaktur-iser.at\/en\/wp-json\/wp\/v2\/pages\/22\/revisions"}],"predecessor-version":[{"id":196,"href":"https:\/\/wiener-manufaktur-iser.at\/en\/wp-json\/wp\/v2\/pages\/22\/revisions\/196"}],"wp:attachment":[{"href":"https:\/\/wiener-manufaktur-iser.at\/en\/wp-json\/wp\/v2\/media?parent=22"}],"curies":[{"name":"wp","href":"https:\/\/api.w.org\/{rel}","templated":true}]}}