{"id":23,"date":"2025-12-30T19:28:27","date_gmt":"2025-12-30T18:28:27","guid":{"rendered":"https:\/\/wiener-manufaktur-iser.at\/impressum\/"},"modified":"2026-01-24T10:27:29","modified_gmt":"2026-01-24T09:27:29","slug":"impressum","status":"publish","type":"page","link":"https:\/\/wiener-manufaktur-iser.at\/en\/impressum\/","title":{"rendered":"Impressum"},"content":{"rendered":"<div class=\"wp-block-group alignfull is-style-ext-preset--group--natural-1--section has-background-background-color has-background has-global-padding is-layout-constrained wp-container-core-group-is-layout-6150fac0 wp-block-group-is-layout-constrained is-style-ext-preset--group--natural-1--section--1\" style=\"margin-top:0;margin-bottom:0;padding-top:var(--wp--preset--spacing--70);padding-bottom:var(--wp--preset--spacing--70)\">\n<p><strong>Website-Betreiber:<\/strong><br>Wiener Manufaktur Iser<\/p>\n\n\n\n<p>Inhaber: Florian Iser<br>Martha-N\u00e4bauer-Platz 12<br>D-80997 M\u00fcnchen<br><br><strong>Kontaktinformationen:<\/strong><br>Telefon: +49 174 1608418<br>E-Mail: info@wiener-manufaktur-iser.at<br>Website: www.wiener-manufaktur-iser.at<br><br>Unternehmensform: Einzelunternehmer<\/p>\n\n\n\n<p> Kleinunternehmer gem\u00e4\u00df \u00a7 19 UStG<\/p>\n\n\n\n<p><br><strong>Unternehmensregistrierung:<\/strong><br>Aufsichtsbeh\u00f6rde: Gewerbeamt der Stadt M\u00fcnchen<\/p>\n\n\n\n<p> Kammerzugeh\u00f6rigkeit: IHK M\u00fcnchen<\/p>\n\n\n\n<p><\/p>\n\n\n\n<p><strong>Haftung f\u00fcr Inhalte<\/strong><br>Trotz sorgf\u00e4ltiger inhaltlicher Kontrolle \u00fcbernehmen wir keine Haftung f\u00fcr die Inhalte externer Links.<\/p>\n\n\n\n<p>Ein Teil unserer Bildwelt ist k\u00fcnstlerisch interpretiert.<\/p>\n\n\n\n<p><br><br> <strong>Letzte Aktualisierung:<\/strong><br> 24.01.2026<\/p>\n<\/div>","protected":false},"excerpt":{"rendered":"<p>Website-Betreiber:Wiener Manufaktur Iser Inhaber: Florian IserMartha-N\u00e4bauer-Platz 12D-80997 M\u00fcnchen Kontaktinformationen:Telefon: +49 174 1608418E-Mail: info@wiener-manufaktur-iser.atWebsite: www.wiener-manufaktur-iser.at Unternehmensform: Einzelunternehmer Kleinunternehmer gem\u00e4\u00df \u00a7 19 UStG Unternehmensregistrierung:Aufsichtsbeh\u00f6rde: Gewerbeamt der Stadt M\u00fcnchen Kammerzugeh\u00f6rigkeit: IHK M\u00fcnchen Haftung f\u00fcr InhalteTrotz sorgf\u00e4ltiger inhaltlicher Kontrolle \u00fcbernehmen wir keine Haftung f\u00fcr die Inhalte externer Links. Ein Teil unserer Bildwelt ist k\u00fcnstlerisch interpretiert. Letzte Aktualisierung: 24.01.2026<\/p>","protected":false},"author":1,"featured_media":0,"parent":0,"menu_order":0,"comment_status":"closed","ping_status":"closed","template":"page-with-title","meta":{"footnotes":""},"class_list":["post-23","page","type-page","status-publish","hentry"],"_links":{"self":[{"href":"https:\/\/wiener-manufaktur-iser.at\/en\/wp-json\/wp\/v2\/pages\/23","targetHints":{"allow":["GET"]}}],"collection":[{"href":"https:\/\/wiener-manufaktur-iser.at\/en\/wp-json\/wp\/v2\/pages"}],"about":[{"href":"https:\/\/wiener-manufaktur-iser.at\/en\/wp-json\/wp\/v2\/types\/page"}],"author":[{"embeddable":true,"href":"https:\/\/wiener-manufaktur-iser.at\/en\/wp-json\/wp\/v2\/users\/1"}],"replies":[{"embeddable":true,"href":"https:\/\/wiener-manufaktur-iser.at\/en\/wp-json\/wp\/v2\/comments?post=23"}],"version-history":[{"count":51,"href":"https:\/\/wiener-manufaktur-iser.at\/en\/wp-json\/wp\/v2\/pages\/23\/revisions"}],"predecessor-version":[{"id":163,"href":"https:\/\/wiener-manufaktur-iser.at\/en\/wp-json\/wp\/v2\/pages\/23\/revisions\/163"}],"wp:attachment":[{"href":"https:\/\/wiener-manufaktur-iser.at\/en\/wp-json\/wp\/v2\/media?parent=23"}],"curies":[{"name":"wp","href":"https:\/\/api.w.org\/{rel}","templated":true}]}}